{"id":624,"date":"2024-11-17T01:56:30","date_gmt":"2024-11-17T04:56:30","guid":{"rendered":"https:\/\/imffaa.hn\/hn\/about-us\/"},"modified":"2024-12-09T13:11:14","modified_gmt":"2024-12-09T16:11:14","slug":"about-us","status":"publish","type":"page","link":"https:\/\/imffaa.hn\/hn\/about-us\/","title":{"rendered":"About Us"},"content":{"rendered":"<body>\t\t<div data-elementor-type=\"wp-page\" data-elementor-id=\"624\" class=\"elementor elementor-624\" data-elementor-post-type=\"page\">\n\t\t\t\t<div class=\"elementor-element elementor-element-576916f e-flex e-con-boxed wpr-particle-no wpr-jarallax-no wpr-parallax-no wpr-sticky-section-no wpr-equal-height-no e-con e-parent\" data-id=\"576916f\" data-element_type=\"container\" data-e-type=\"container\" data-settings=\"{&quot;background_background&quot;:&quot;slideshow&quot;,&quot;background_slideshow_gallery&quot;:[{&quot;id&quot;:225,&quot;url&quot;:&quot;https:\\\/\\\/imffaa.hn\\\/hn\\\/wp-content\\\/uploads\\\/2024\\\/11\\\/WhatsApp-Image-2024-11-14-at-4.43.19-PM.jpeg&quot;},{&quot;id&quot;:223,&quot;url&quot;:&quot;https:\\\/\\\/imffaa.hn\\\/hn\\\/wp-content\\\/uploads\\\/2024\\\/11\\\/industria-militar-mascarillas-el-pais-hn.jpg&quot;},{&quot;id&quot;:224,&quot;url&quot;:&quot;https:\\\/\\\/imffaa.hn\\\/hn\\\/wp-content\\\/uploads\\\/2024\\\/11\\\/Pais_11851_0_EH568269_MG126462241.jpg&quot;}],&quot;background_slideshow_loop&quot;:&quot;yes&quot;,&quot;background_slideshow_slide_duration&quot;:5000,&quot;background_slideshow_slide_transition&quot;:&quot;fade&quot;,&quot;background_slideshow_transition_duration&quot;:500}\">\n\t\t\t\t\t<div class=\"e-con-inner\">\n\t\t<div class=\"elementor-element elementor-element-9dbd73e e-con-full e-flex wpr-particle-no wpr-jarallax-no wpr-parallax-no wpr-sticky-section-no wpr-equal-height-no e-con e-child\" data-id=\"9dbd73e\" data-element_type=\"container\" data-e-type=\"container\">\n\t\t\t\t<div class=\"elementor-element elementor-element-b4ad8cf elementor-widget elementor-widget-heading\" data-id=\"b4ad8cf\" data-element_type=\"widget\" data-e-type=\"widget\" data-widget_type=\"heading.default\">\n\t\t\t\t<div class=\"elementor-widget-container\">\n\t\t\t\t\t<h1 class=\"elementor-heading-title elementor-size-default\">Sobre Nosotros<\/h1>\t\t\t\t<\/div>\n\t\t\t\t<\/div>\n\t\t\t\t<\/div>\n\t\t\t\t\t<\/div>\n\t\t\t\t<\/div>\n\t\t<div class=\"elementor-element elementor-element-5898f86 e-flex e-con-boxed wpr-particle-no wpr-jarallax-no wpr-parallax-no wpr-sticky-section-no wpr-equal-height-no e-con e-parent\" data-id=\"5898f86\" data-element_type=\"container\" data-e-type=\"container\" data-settings=\"{&quot;background_background&quot;:&quot;classic&quot;}\">\n\t\t\t\t\t<div class=\"e-con-inner\">\n\t\t<div class=\"elementor-element elementor-element-a471c7a e-con-full e-flex wpr-particle-no wpr-jarallax-no wpr-parallax-no wpr-sticky-section-no wpr-equal-height-no e-con e-child\" data-id=\"a471c7a\" data-element_type=\"container\" data-e-type=\"container\">\n\t\t\t\t<div class=\"elementor-element elementor-element-602b490 elementor-widget elementor-widget-heading\" data-id=\"602b490\" data-element_type=\"widget\" data-e-type=\"widget\" data-widget_type=\"heading.default\">\n\t\t\t\t<div class=\"elementor-widget-container\">\n\t\t\t\t\t<h2 class=\"elementor-heading-title elementor-size-default\">sobre nosotros<\/h2>\t\t\t\t<\/div>\n\t\t\t\t<\/div>\n\t\t\t\t<\/div>\n\t\t<div class=\"elementor-element elementor-element-3f51f8d e-con-full e-flex wpr-particle-no wpr-jarallax-no wpr-parallax-no wpr-sticky-section-no wpr-equal-height-no e-con e-child\" data-id=\"3f51f8d\" data-element_type=\"container\" data-e-type=\"container\">\n\t\t\t\t<div class=\"elementor-element elementor-element-9bfd3ac elementor-widget elementor-widget-image-box\" data-id=\"9bfd3ac\" data-element_type=\"widget\" data-e-type=\"widget\" data-widget_type=\"image-box.default\">\n\t\t\t\t<div class=\"elementor-widget-container\">\n\t\t\t\t\t<div class=\"elementor-image-box-wrapper\"><div class=\"elementor-image-box-content\"><h5 class=\"elementor-image-box-title\">INDUSTRIA MILITAR DE LAS    FUERZAS ARMADAS (IMFFAA)<\/h5><p class=\"elementor-image-box-description\">Industria Militar de las Fuerzas Armadas (IMFFAA) es una instituci\u00f3n dedicada la elaboraci\u00f3n de prendas de vestir, calzado y   accesorios, con el fin de satisfacer la demanda de materiales y equipo de las Fuerzas Armadas para la defensa nacional y cooperar con el desarrollo industrial del Pa\u00eds, el cual se rige por el reglamento interno.<\/p><\/div><\/div>\t\t\t\t<\/div>\n\t\t\t\t<\/div>\n\t\t\t\t<\/div>\n\t\t<div class=\"elementor-element elementor-element-e92d08f e-con-full e-flex wpr-particle-no wpr-jarallax-no wpr-parallax-no wpr-sticky-section-no wpr-equal-height-no e-con e-child\" data-id=\"e92d08f\" data-element_type=\"container\" data-e-type=\"container\">\n\t\t\t\t<div class=\"elementor-element elementor-element-db4cc49 elementor-widget elementor-widget-heading\" data-id=\"db4cc49\" data-element_type=\"widget\" data-e-type=\"widget\" data-widget_type=\"heading.default\">\n\t\t\t\t<div class=\"elementor-widget-container\">\n\t\t\t\t\t<h6 class=\"elementor-heading-title elementor-size-default\">Control de Calidad<\/h6>\t\t\t\t<\/div>\n\t\t\t\t<\/div>\n\t\t\t\t<div class=\"elementor-element elementor-element-fcc7a1f elementor-position-right elementor-vertical-align-middle elementor-widget elementor-widget-image-box\" data-id=\"fcc7a1f\" data-element_type=\"widget\" data-e-type=\"widget\" data-widget_type=\"image-box.default\">\n\t\t\t\t<div class=\"elementor-widget-container\">\n\t\t\t\t\t<div class=\"elementor-image-box-wrapper\"><figure class=\"elementor-image-box-img\"><img loading=\"lazy\" decoding=\"async\" width=\"669\" height=\"1144\" src=\"https:\/\/i0.wp.com\/imffaa.hn\/hn\/wp-content\/uploads\/2024\/11\/WhatsApp-Image-2024-11-14-at-4.50.45-PM-1.jpeg?fit=669%2C1144&amp;ssl=1\" class=\"attachment-full size-full wp-image-227\" alt=\"\" loading=\"lazy\" srcset=\"https:\/\/i0.wp.com\/imffaa.hn\/hn\/wp-content\/uploads\/2024\/11\/WhatsApp-Image-2024-11-14-at-4.50.45-PM-1.jpeg?w=669&amp;ssl=1 669w, https:\/\/i0.wp.com\/imffaa.hn\/hn\/wp-content\/uploads\/2024\/11\/WhatsApp-Image-2024-11-14-at-4.50.45-PM-1.jpeg?resize=175%2C300&amp;ssl=1 175w, https:\/\/i0.wp.com\/imffaa.hn\/hn\/wp-content\/uploads\/2024\/11\/WhatsApp-Image-2024-11-14-at-4.50.45-PM-1.jpeg?resize=599%2C1024&amp;ssl=1 599w, https:\/\/i0.wp.com\/imffaa.hn\/hn\/wp-content\/uploads\/2024\/11\/WhatsApp-Image-2024-11-14-at-4.50.45-PM-1.jpeg?resize=600%2C1026&amp;ssl=1 600w\" sizes=\"auto, (max-width: 669px) 100vw, 669px\" \/><\/figure><div class=\"elementor-image-box-content\"><h2 class=\"elementor-image-box-title\">Ofrecemos productos que incorporan los m\u00e1s altos est\u00e1ndares de calidad.<\/h2><p class=\"elementor-image-box-description\">La excelencia comienza con un abastecimiento meticuloso, donde seleccionamos cuidadosamente materiales que cumplan con nuestros estrictos criterios de durabilidad, comodidad y estilo. \nCada prenda se confecciona con precisi\u00f3n en nuestras instalaciones de fabricaci\u00f3n de \u00faltima generaci\u00f3n, lo que garantiza la atenci\u00f3n al detalle en cada puntada. Nuestro compromiso con la calidad no termina ah\u00ed: rigurosos procesos de control de calidad garantizan que cada pieza cumpla con nuestros exigentes est\u00e1ndares antes de llegar a su guardarropa. <\/p><\/div><\/div>\t\t\t\t<\/div>\n\t\t\t\t<\/div>\n\t\t\t\t<\/div>\n\t\t\t\t\t<\/div>\n\t\t\t\t<\/div>\n\t\t<div class=\"elementor-element elementor-element-2f1be4e e-flex e-con-boxed wpr-particle-no wpr-jarallax-no wpr-parallax-no wpr-sticky-section-no wpr-equal-height-no e-con e-parent\" data-id=\"2f1be4e\" data-element_type=\"container\" data-e-type=\"container\" data-settings=\"{&quot;background_background&quot;:&quot;slideshow&quot;,&quot;background_slideshow_gallery&quot;:[{&quot;id&quot;:1304,&quot;url&quot;:&quot;https:\\\/\\\/imffaa.hn\\\/hn\\\/wp-content\\\/uploads\\\/2024\\\/11\\\/462596891_972593211578167_8892338900718668724_n.jpg&quot;},{&quot;id&quot;:1303,&quot;url&quot;:&quot;https:\\\/\\\/imffaa.hn\\\/hn\\\/wp-content\\\/uploads\\\/2024\\\/11\\\/462679086_972593271578161_8565682782470342090_n.jpg&quot;},{&quot;id&quot;:1302,&quot;url&quot;:&quot;https:\\\/\\\/imffaa.hn\\\/hn\\\/wp-content\\\/uploads\\\/2024\\\/11\\\/448627408_890566546447501_5837403958933202059_n.jpg&quot;}],&quot;background_slideshow_loop&quot;:&quot;yes&quot;,&quot;background_slideshow_slide_duration&quot;:5000,&quot;background_slideshow_slide_transition&quot;:&quot;fade&quot;,&quot;background_slideshow_transition_duration&quot;:500}\">\n\t\t\t\t\t<div class=\"e-con-inner\">\n\t\t<div class=\"elementor-element elementor-element-98d7d19 e-con-full e-flex wpr-particle-no wpr-jarallax-no wpr-parallax-no wpr-sticky-section-no wpr-equal-height-no e-con e-child\" data-id=\"98d7d19\" data-element_type=\"container\" data-e-type=\"container\">\n\t\t\t\t<div class=\"elementor-element elementor-element-0cbc977 elementor-widget elementor-widget-heading\" data-id=\"0cbc977\" data-element_type=\"widget\" data-e-type=\"widget\" data-widget_type=\"heading.default\">\n\t\t\t\t<div class=\"elementor-widget-container\">\n\t\t\t\t\t<h6 class=\"elementor-heading-title elementor-size-default\">ACTIVIDADES<\/h6>\t\t\t\t<\/div>\n\t\t\t\t<\/div>\n\t\t\t\t<div class=\"elementor-element elementor-element-2915af7 elementor-widget elementor-widget-image-box\" data-id=\"2915af7\" data-element_type=\"widget\" data-e-type=\"widget\" data-widget_type=\"image-box.default\">\n\t\t\t\t<div class=\"elementor-widget-container\">\n\t\t\t\t\t<div class=\"elementor-image-box-wrapper\"><div class=\"elementor-image-box-content\"><h2 class=\"elementor-image-box-title\">Actividades IMFFAA <\/h2><p class=\"elementor-image-box-description\">En IMFFAA realizamos actividades para el bien de nuestros ciudadanos,  el d\u00eda de hoy se realizo la actividad llamada compartiendo una taza de caf\u00e9; llev\u00e1ndose a cabo en el centro de salud (CESSAMO)  Alonzo Suazo.<\/p><\/div><\/div>\t\t\t\t<\/div>\n\t\t\t\t<\/div>\n\t\t\t\t<div class=\"elementor-element elementor-element-d75bf1e elementor-widget elementor-widget-button\" data-id=\"d75bf1e\" data-element_type=\"widget\" data-e-type=\"widget\" data-widget_type=\"button.default\">\n\t\t\t\t<div class=\"elementor-widget-container\">\n\t\t\t\t\t\t\t\t\t<div class=\"elementor-button-wrapper\">\n\t\t\t\t\t<a class=\"elementor-button elementor-button-link elementor-size-sm\" href=\"\">\n\t\t\t\t\t\t<span class=\"elementor-button-content-wrapper\">\n\t\t\t\t\t\t\t\t\t<span class=\"elementor-button-text\">Ver ahora<\/span>\n\t\t\t\t\t<\/span>\n\t\t\t\t\t<\/a>\n\t\t\t\t<\/div>\n\t\t\t\t\t\t\t\t<\/div>\n\t\t\t\t<\/div>\n\t\t\t\t<\/div>\n\t\t\t\t\t<\/div>\n\t\t\t\t<\/div>\n\t\t<div class=\"elementor-element elementor-element-5465444 e-flex e-con-boxed wpr-particle-no wpr-jarallax-no wpr-parallax-no wpr-sticky-section-no wpr-equal-height-no e-con e-parent\" data-id=\"5465444\" data-element_type=\"container\" data-e-type=\"container\">\n\t\t\t\t\t<div class=\"e-con-inner\">\n\t\t\t\t<div class=\"elementor-element elementor-element-ec9dae5 elementor-widget elementor-widget-heading\" data-id=\"ec9dae5\" data-element_type=\"widget\" data-e-type=\"widget\" data-widget_type=\"heading.default\">\n\t\t\t\t<div class=\"elementor-widget-container\">\n\t\t\t\t\t<h2 class=\"elementor-heading-title elementor-size-default\">nOTICIAS iMFFAA<\/h2>\t\t\t\t<\/div>\n\t\t\t\t<\/div>\n\t\t\t\t\t<\/div>\n\t\t\t\t<\/div>\n\t\t<div class=\"elementor-element elementor-element-b495095 e-flex e-con-boxed wpr-particle-no wpr-jarallax-no wpr-parallax-no wpr-sticky-section-no wpr-equal-height-no e-con e-parent\" data-id=\"b495095\" data-element_type=\"container\" data-e-type=\"container\">\n\t\t\t\t\t<div class=\"e-con-inner\">\n\t\t\t\t<div class=\"elementor-element elementor-element-bc48edd elementor-widget elementor-widget-video\" data-id=\"bc48edd\" data-element_type=\"widget\" data-e-type=\"widget\" data-settings=\"{&quot;youtube_url&quot;:&quot;https:\\\/\\\/www.youtube.com\\\/watch?v=hShKeXOIsNE&quot;,&quot;start&quot;:7,&quot;autoplay&quot;:&quot;yes&quot;,&quot;play_on_mobile&quot;:&quot;yes&quot;,&quot;mute&quot;:&quot;yes&quot;,&quot;video_type&quot;:&quot;youtube&quot;,&quot;controls&quot;:&quot;yes&quot;}\" data-widget_type=\"video.default\">\n\t\t\t\t<div class=\"elementor-widget-container\">\n\t\t\t\t\t\t\t<div class=\"elementor-wrapper elementor-open-inline\">\n\t\t\t<div class=\"elementor-video\"><\/div>\t\t<\/div>\n\t\t\t\t\t\t<\/div>\n\t\t\t\t<\/div>\n\t\t\t\t\t<\/div>\n\t\t\t\t<\/div>\n\t\t<div class=\"elementor-element elementor-element-12a6424 e-grid e-con-boxed wpr-particle-no wpr-jarallax-no wpr-parallax-no wpr-sticky-section-no wpr-equal-height-no e-con e-parent\" data-id=\"12a6424\" data-element_type=\"container\" data-e-type=\"container\">\n\t\t\t\t\t<div class=\"e-con-inner\">\n\t\t\t\t\t<\/div>\n\t\t\t\t<\/div>\n\t\t\t\t<\/div>\n\t\t<\/body>","protected":false},"excerpt":{"rendered":"<p>Sobre Nosotros sobre nosotros INDUSTRIA MILITAR DE LAS FUERZAS ARMADAS (IMFFAA) Industria Militar de las Fuerzas Armadas (IMFFAA) es una instituci\u00f3n dedicada la elaboraci\u00f3n de prendas de vestir, calzado y accesorios, con el fin de satisfacer la demanda de materiales y equipo de las Fuerzas Armadas para la defensa nacional y cooperar con el desarrollo industrial del Pa\u00eds, el cual se rige por el reglamento interno. Control de Calidad Ofrecemos productos que incorporan los m\u00e1s altos est\u00e1ndares de calidad. La excelencia comienza con un abastecimiento meticuloso, donde seleccionamos cuidadosamente materiales que cumplan con nuestros estrictos criterios de durabilidad, comodidad y estilo. Cada prenda se confecciona con precisi\u00f3n en nuestras instalaciones de fabricaci\u00f3n de \u00faltima generaci\u00f3n, lo que garantiza la atenci\u00f3n al detalle en cada puntada. Nuestro compromiso con la calidad no termina ah\u00ed: rigurosos procesos de control de calidad garantizan que cada pieza cumpla con nuestros exigentes est\u00e1ndares antes de llegar a su guardarropa. ACTIVIDADES Actividades IMFFAA En IMFFAA realizamos actividades para el bien de nuestros ciudadanos, el d\u00eda de hoy se realizo la actividad llamada compartiendo una taza de caf\u00e9; llev\u00e1ndose a cabo en el centro de salud (CESSAMO) Alonzo Suazo. Ver ahora nOTICIAS iMFFAA<\/p>\n","protected":false},"author":1,"featured_media":0,"parent":0,"menu_order":3,"comment_status":"closed","ping_status":"closed","template":"","meta":{"site-sidebar-layout":"no-sidebar","site-content-layout":"","ast-site-content-layout":"full-width-container","site-content-style":"default","site-sidebar-style":"default","ast-global-header-display":"","ast-banner-title-visibility":"","ast-main-header-display":"","ast-hfb-above-header-display":"","ast-hfb-below-header-display":"","ast-hfb-mobile-header-display":"","site-post-title":"disabled","ast-breadcrumbs-content":"","ast-featured-img":"disabled","footer-sml-layout":"","ast-disable-related-posts":"","theme-transparent-header-meta":"enabled","adv-header-id-meta":"","stick-header-meta":"","header-above-stick-meta":"","header-main-stick-meta":"","header-below-stick-meta":"","astra-migrate-meta-layouts":"default","ast-page-background-enabled":"default","ast-page-background-meta":{"desktop":{"background-color":"var(--ast-global-color-4)","background-image":"","background-repeat":"repeat","background-position":"center center","background-size":"auto","background-attachment":"scroll","background-type":"","background-media":"","overlay-type":"","overlay-color":"","overlay-opacity":"","overlay-gradient":""},"tablet":{"background-color":"","background-image":"","background-repeat":"repeat","background-position":"center center","background-size":"auto","background-attachment":"scroll","background-type":"","background-media":"","overlay-type":"","overlay-color":"","overlay-opacity":"","overlay-gradient":""},"mobile":{"background-color":"","background-image":"","background-repeat":"repeat","background-position":"center center","background-size":"auto","background-attachment":"scroll","background-type":"","background-media":"","overlay-type":"","overlay-color":"","overlay-opacity":"","overlay-gradient":""}},"ast-content-background-meta":{"desktop":{"background-color":"var(--ast-global-color-5)","background-image":"","background-repeat":"repeat","background-position":"center center","background-size":"auto","background-attachment":"scroll","background-type":"","background-media":"","overlay-type":"","overlay-color":"","overlay-opacity":"","overlay-gradient":""},"tablet":{"background-color":"var(--ast-global-color-5)","background-image":"","background-repeat":"repeat","background-position":"center center","background-size":"auto","background-attachment":"scroll","background-type":"","background-media":"","overlay-type":"","overlay-color":"","overlay-opacity":"","overlay-gradient":""},"mobile":{"background-color":"var(--ast-global-color-5)","background-image":"","background-repeat":"repeat","background-position":"center center","background-size":"auto","background-attachment":"scroll","background-type":"","background-media":"","overlay-type":"","overlay-color":"","overlay-opacity":"","overlay-gradient":""}},"footnotes":""},"class_list":["post-624","page","type-page","status-publish","hentry"],"ams_acf":[],"jetpack_sharing_enabled":true,"_links":{"self":[{"href":"https:\/\/imffaa.hn\/hn\/wp-json\/wp\/v2\/pages\/624","targetHints":{"allow":["GET"]}}],"collection":[{"href":"https:\/\/imffaa.hn\/hn\/wp-json\/wp\/v2\/pages"}],"about":[{"href":"https:\/\/imffaa.hn\/hn\/wp-json\/wp\/v2\/types\/page"}],"author":[{"embeddable":true,"href":"https:\/\/imffaa.hn\/hn\/wp-json\/wp\/v2\/users\/1"}],"replies":[{"embeddable":true,"href":"https:\/\/imffaa.hn\/hn\/wp-json\/wp\/v2\/comments?post=624"}],"version-history":[{"count":5,"href":"https:\/\/imffaa.hn\/hn\/wp-json\/wp\/v2\/pages\/624\/revisions"}],"predecessor-version":[{"id":2659,"href":"https:\/\/imffaa.hn\/hn\/wp-json\/wp\/v2\/pages\/624\/revisions\/2659"}],"wp:attachment":[{"href":"https:\/\/imffaa.hn\/hn\/wp-json\/wp\/v2\/media?parent=624"}],"curies":[{"name":"wp","href":"https:\/\/api.w.org\/{rel}","templated":true}]}}